
{"id":12463,"date":"2024-10-03T15:01:01","date_gmt":"2024-10-03T22:01:01","guid":{"rendered":"https:\/\/bayrising.org\/?page_id=12463"},"modified":"2024-10-21T10:22:13","modified_gmt":"2024-10-21T17:22:13","slug":"guia-del-votante-del-bay-rising-del-2024","status":"publish","type":"page","link":"https:\/\/bayrising.org\/es\/guia-del-votante-del-bay-rising-del-2024\/","title":{"rendered":"Gu\u00eda del votante del de Bay Rising del 2024"},"content":{"rendered":"\n<p id=\"tw-target-text\">Haga clic aqu\u00ed para encontrar su distrito: <a href=\"#alamedacounty\">condado de Alameda<\/a>, <a href=\"#coco\">condado de Contra Costa<\/a>, <a href=\"#sf\">San Francisco<\/a>, <a href=\"#marin\">condado de Mar\u00edn<\/a> <\/p>\n\n\n\n<h2 class=\"wp-block-heading\">CALIFORNIA<\/h2>\n\n\n\n<figure class=\"wp-block-table is-style-stripes\"><table class=\"has-fixed-layout\"><tbody><tr><td><strong>Distrito<\/strong><\/td><td><strong>Medida<\/strong><\/td><td><strong>Descripci\u00f3n<\/strong><\/td><td><strong>Posici\u00f3n<\/strong><\/td><\/tr><tr><td>California<\/td><td>Prop 2<\/td><td>Financiar nuestras escuelas y colegios comunitarios<\/td><td>S\u00cd<\/td><\/tr><tr><td>California<\/td><td>Prop 3<\/td><td>Consagrar el derecho a casarse en la constituci\u00f3n de CA<\/td><td>S\u00cd<\/td><\/tr><tr><td>California<\/td><td>Prop 4<\/td><td>Financiar la justicia ambiental<\/td><td>S\u00cd<\/td><\/tr><tr><td>California<\/td><td>Prop 5<\/td><td>Facilitar la financiaci\u00f3n de viviendas y otros proyectos comunitarios<\/td><td>S\u00cd<\/td><\/tr><tr><td>California<\/td><td>Prop 6<\/td><td>Prohibir la esclavitud en California<\/td><td>S\u00cd<\/td><\/tr><tr><td>California<\/td><td>Prop 32<\/td><td>Aumentar el salario m\u00ednimo estatal a $18\/hora<\/td><td>S\u00cd<\/td><\/tr><tr><td>California<\/td><td>Prop 33<\/td><td>Facilitar que los californianos tengan control de alquileres<\/td><td>S\u00cd<\/td><\/tr><tr><td>California<\/td><td>Prop 34<\/td><td>Hacer m\u00e1s dif\u00edcil aprobar el control de alquileres<\/td><td>No<\/td><\/tr><tr><td>California <\/td><td>Prop 35<\/td><td>Proteger el acceso a la atenci\u00f3n m\u00e9dica gratuita y econ\u00f3mica<\/td><td>S\u00cd<\/td><\/tr><tr><td>California <\/td><td>Prop 36<\/td><td>Revertir la reforma progresiva de la justicia penal<\/td><td>No<\/td><\/tr><\/tbody><\/table><\/figure>\n\n\n\n<h2 class=\"wp-block-heading\" id=\"alamedacounty\">CONDADO DE ALAMEDA<\/h2>\n\n\n\n<figure class=\"wp-block-table is-style-stripes\"><table class=\"has-fixed-layout\"><tbody><tr><td><strong>Distrito<\/strong><\/td><td><strong>Medida<\/strong><\/td><td><strong>Descripci\u00f3n<\/strong><\/td><td><strong>Posici\u00f3n<\/strong><\/td><\/tr><tr><td>Oakland<\/td><td>Medida NN<\/td><td>Financiar la prevenci\u00f3n de la violencia<\/td><td>S\u00cd<\/td><\/tr><tr><td>Oakland<\/td><td>Medida OO<\/td><td>Fortalecer la supervisi\u00f3n de la \u00e9tica p\u00fablica<\/td><td>S\u00cd<\/td><\/tr><tr><td>Oakland<\/td><td>Medida MM<\/td><td>Fondo para la prevenci\u00f3n de los incendios forestales<\/td><td>S\u00cd<\/td><\/tr><tr><td>Oakland<\/td><td><\/td><td>Revocaci\u00f3n del mandato de la alcaldesa liderado por la derecha<\/td><td>No<\/td><\/tr><tr><td>Berkeley <\/td><td>Medida BB<\/td><td>Dar a los inquilinos el derecho a organizarse<\/td><td>S\u00cd<\/td><\/tr><tr><td>Berkeley<\/td><td>Medida CC<\/td><td>Eliminar las protecciones para los inquilinos existentes<\/td><td>No<\/td><\/tr><tr><td>Albany<\/td><td>Medida V<\/td><td>Permite que los j\u00f3venes de 16-17 a\u00f1os voten en las medidas de la ciudad, para el Concejo de la Ciudad y la Junta Escolar.<\/td><td>S\u00cd<\/td><\/tr><tr><td>Alameda County <\/td><td><\/td><td>Revocaci\u00f3n antidemocr\u00e1tica del mandato de la fiscal de distrito<\/td><td>No<\/td><\/tr><\/tbody><\/table><\/figure>\n\n\n\n<h2 class=\"wp-block-heading\" id=\"coco\">CONDADO DE CONTRA COSTA<\/h2>\n\n\n\n<figure class=\"wp-block-table is-style-stripes\"><table><tbody><tr><td><strong>Distrito<\/strong><\/td><td><strong>Medida<\/strong><\/td><td><strong>Descripci\u00f3n<\/strong><\/td><td><strong>Posici\u00f3n<\/strong><\/td><\/tr><tr><td>Richmond<\/td><td>Medida J<\/td><td><em>Implementaci\u00f3n de elecciones primarias locales innecesarias<\/em><\/td><td>No<\/td><\/tr><tr><td>Richmond<\/td><td>Medida L<\/td><td><em>Implementar una segunda ronda electoral instant\u00e1neamente<\/em><\/td><td>S\u00ed<\/td><\/tr><\/tbody><\/table><\/figure>\n\n\n\n<h2 class=\"wp-block-heading\" id=\"sf\">SAN FRANCISCO<\/h2>\n\n\n\n<figure class=\"wp-block-table is-style-stripes\"><table><tbody><tr><td><strong>Distrito<\/strong><\/td><td><strong>Medidas<\/strong><\/td><td><strong>Descripci\u00f3n<\/strong><\/td><td><strong>Posici\u00f3n<\/strong><\/td><\/tr><tr><td>San Francisco<\/td><td>Proposici\u00f3n A<\/td><td>Financia nuestras escuelas p\u00fablicas<\/td><td>S\u00ed<\/td><\/tr><tr><td>San Francisco<\/td><td>Proposici\u00f3n B<\/td><td>Mejora las instalaciones de salud p\u00fablica y los servicios para personas sin hogar<\/td><td>S\u00ed<\/td><\/tr><tr><td>San Francisco<\/td><td>Proposici\u00f3n C<\/td><td>Erradica la corrupci\u00f3n en San Francisco<\/td><td>S\u00ed<\/td><\/tr><tr><td>San Francisco<\/td><td>Proposici\u00f3n D<\/td><td>Debilita los controles y equilibrios en nuestro gobierno local<\/td><td>S\u00ed<\/td><\/tr><tr><td>San Francisco<\/td><td>Proposici\u00f3n E<\/td><td>Consagra la participaci\u00f3n p\u00fablica en los cambios a las comisiones de la ciudad<\/td><td>S\u00ed<\/td><\/tr><tr><td>San Francisco<\/td><td>Proposici\u00f3n F<\/td><td>Aumentar a\u00fan m\u00e1s el presupuesto ya inflado del SFPD<\/td><td>No<\/td><\/tr><tr><td>San Francisco<\/td><td>Proposici\u00f3n G<\/td><td>Garantizar vivienda para personas mayores, familias trabajadoras y personas con discapacidades<\/td><td>S\u00ed<\/td><\/tr><tr><td>San Francisco<\/td><td>Proposici\u00f3n H<\/td><td>Cambiar la edad de jubilaci\u00f3n para los beneficios de los bomberos<\/td><td>Sin posici\u00f3n<\/td><\/tr><tr><td>San Francisco<\/td><td>Proposici\u00f3n I<\/td><td>Mejora los beneficios de jubilaci\u00f3n para enfermeras y operadores del 911<\/td><td>S\u00ed<\/td><\/tr><tr><td>San Francisco<\/td><td>Proposici\u00f3n J<\/td><td>Asegurar que los nuevos fondos escolares se utilicen de manera efectiva<\/td><td>S\u00ed<\/td><\/tr><tr><td>San Francisco<\/td><td>Proposici\u00f3n K<\/td><td>Convertir el Upper Great Highway en un parque frente al mar<\/td><td>Sin posici\u00f3n<\/td><\/tr><tr><td>San Francisco<\/td><td>Proposici\u00f3n L<\/td><td>&nbsp;Imponer impuestos a las corporaciones para financiar el Muni<\/td><td>S\u00ed<\/td><\/tr><tr><td>San Francisco<\/td><td>Proposici\u00f3n M<\/td><td>Permitir que las corporaciones m\u00e1s grandes paguen menos impuestos<\/td><td>No<\/td><\/tr><tr><td>San Francisco <\/td><td>Proposici\u00f3n N<\/td><td>Cancelar la deuda estudiantil para los primeros respondedores<\/td><td>S\u00ed<\/td><\/tr><tr><td>San Francisco <\/td><td>Proposici\u00f3n O<\/td><td>Proteger a las personas que buscan abortar en San Francisco<\/td><td>S\u00ed<\/td><\/tr><\/tbody><\/table><\/figure>\n\n\n\n<h2 class=\"wp-block-heading\" id=\"marin\">CONDADO DE MAR\u00cdN<\/h2>\n\n\n\n<figure class=\"wp-block-table is-style-stripes\"><table><tbody><tr><td><strong>Distrito<\/strong><\/td><td><strong>Medida<\/strong><\/td><td><strong>Descripci\u00f3n<\/strong><\/td><td><strong>Posici\u00f3n<\/strong><\/td><\/tr><tr><td>Fairfax<\/td><td>Medida I<\/td><td><em>Revocar el control de la renta y las protecciones para los inquilinos<\/em><\/td><td>No<\/td><\/tr><tr><td>Larkspur<\/td><td>Medida K<\/td><td><em>Mantener la Renta Asequible<\/em><\/td><td>S\u00ed<\/td><\/tr><tr><td>San Anselmo<\/td><td>Medida N<\/td><td><em>Mantener la Renta Asequible<\/em><\/td><td>S\u00ed<\/td><\/tr><tr><td>San Anselmo<\/td><td>Medida O<\/td><td><em>Protecciones para los Inquilinos<\/em><\/td><td>S\u00ed<\/td><\/tr><\/tbody><\/table><\/figure>\n\n\n\n<p><\/p>\n\n\n\n<p class=\"has-text-align-center\"><span style=\"text-decoration: underline;\">Anuncio pagado por el Comit\u00e9 de Acci\u00f3n de la Boleta de Bay Rising patrocinado por el Centro para la Pol\u00edtica Empoderada.<br>Financiamiento principal del comit\u00e9 de:<\/span><br>Katrina Schaffer<br><span style=\"text-decoration: underline;\">No autorizado por un candidato o un comit\u00e9 controlado por un candidato.<\/span><\/p>\n","protected":false},"excerpt":{"rendered":"<p>Haga clic aqu\u00ed para encontrar su distrito: condado de Alameda, condado de Contra Costa, San Francisco, condado de Mar\u00edn CALIFORNIA Distrito Medida Descripci\u00f3n Posici\u00f3n California Prop 2 Financiar nuestras escuelas y colegios comunitarios S\u00cd California Prop 3 Consagrar el derecho a casarse en la constituci\u00f3n de CA S\u00cd California Prop 4 Financiar la justicia ambiental [&hellip;]<\/p>\n","protected":false},"author":15,"featured_media":0,"parent":0,"menu_order":0,"comment_status":"closed","ping_status":"closed","template":"","meta":{"_acf_changed":false,"footnotes":""},"class_list":["post-12463","page","type-page","status-publish","hentry"],"acf":[],"yoast_head":"<!-- This site is optimized with the Yoast SEO plugin v23.3 - https:\/\/yoast.com\/wordpress\/plugins\/seo\/ -->\n<title>Gu\u00eda del votante del de Bay Rising del 2024 - Bay Rising<\/title>\n<meta name=\"robots\" content=\"index, follow, max-snippet:-1, max-image-preview:large, max-video-preview:-1\" \/>\n<link rel=\"canonical\" href=\"https:\/\/bayrising.org\/es\/guia-del-votante-del-bay-rising-del-2024\/\" \/>\n<meta property=\"og:locale\" content=\"es_ES\" \/>\n<meta property=\"og:type\" content=\"article\" \/>\n<meta property=\"og:title\" content=\"Gu\u00eda del votante del de Bay Rising del 2024 - Bay Rising\" \/>\n<meta property=\"og:description\" content=\"Haga clic aqu\u00ed para encontrar su distrito: condado de Alameda, condado de Contra Costa, San Francisco, condado de Mar\u00edn CALIFORNIA Distrito Medida Descripci\u00f3n Posici\u00f3n California Prop 2 Financiar nuestras escuelas y colegios comunitarios S\u00cd California Prop 3 Consagrar el derecho a casarse en la constituci\u00f3n de CA S\u00cd California Prop 4 Financiar la justicia ambiental [&hellip;]\" \/>\n<meta property=\"og:url\" content=\"https:\/\/bayrising.org\/es\/guia-del-votante-del-bay-rising-del-2024\/\" \/>\n<meta property=\"og:site_name\" content=\"Bay Rising\" \/>\n<meta property=\"article:modified_time\" content=\"2024-10-21T17:22:13+00:00\" \/>\n<meta property=\"og:image\" content=\"https:\/\/bayrising.org\/wp-content\/uploads\/2021\/10\/iStock-1299469669-scaled.jpg\" \/>\n\t<meta property=\"og:image:width\" content=\"2560\" \/>\n\t<meta property=\"og:image:height\" content=\"1708\" \/>\n\t<meta property=\"og:image:type\" content=\"image\/jpeg\" \/>\n<meta name=\"twitter:card\" content=\"summary_large_image\" \/>\n<meta name=\"twitter:label1\" content=\"Est. reading time\" \/>\n\t<meta name=\"twitter:data1\" content=\"3 minutes\" \/>\n<script type=\"application\/ld+json\" class=\"yoast-schema-graph\">{\"@context\":\"https:\/\/schema.org\",\"@graph\":[{\"@type\":\"WebPage\",\"@id\":\"https:\/\/bayrising.org\/es\/guia-del-votante-del-bay-rising-del-2024\/\",\"url\":\"https:\/\/bayrising.org\/es\/guia-del-votante-del-bay-rising-del-2024\/\",\"name\":\"Gu\u00eda del votante del de Bay Rising del 2024 - Bay Rising\",\"isPartOf\":{\"@id\":\"https:\/\/bayrising.org\/#website\"},\"datePublished\":\"2024-10-03T22:01:01+00:00\",\"dateModified\":\"2024-10-21T17:22:13+00:00\",\"breadcrumb\":{\"@id\":\"https:\/\/bayrising.org\/es\/guia-del-votante-del-bay-rising-del-2024\/#breadcrumb\"},\"inLanguage\":\"es-ES\",\"potentialAction\":[{\"@type\":\"ReadAction\",\"target\":[\"https:\/\/bayrising.org\/es\/guia-del-votante-del-bay-rising-del-2024\/\"]}]},{\"@type\":\"BreadcrumbList\",\"@id\":\"https:\/\/bayrising.org\/es\/guia-del-votante-del-bay-rising-del-2024\/#breadcrumb\",\"itemListElement\":[{\"@type\":\"ListItem\",\"position\":1,\"name\":\"Home\",\"item\":\"https:\/\/bayrising.org\/\"},{\"@type\":\"ListItem\",\"position\":2,\"name\":\"Gu\u00eda del votante del de Bay Rising del 2024\"}]},{\"@type\":\"WebSite\",\"@id\":\"https:\/\/bayrising.org\/#website\",\"url\":\"https:\/\/bayrising.org\/\",\"name\":\"Bay Rising\",\"description\":\"\",\"potentialAction\":[{\"@type\":\"SearchAction\",\"target\":{\"@type\":\"EntryPoint\",\"urlTemplate\":\"https:\/\/bayrising.org\/?s={search_term_string}\"},\"query-input\":\"required name=search_term_string\"}],\"inLanguage\":\"es-ES\"}]}<\/script>\n<!-- \/ Yoast SEO plugin. -->","yoast_head_json":{"title":"Gu\u00eda del votante del de Bay Rising del 2024 - Bay Rising","robots":{"index":"index","follow":"follow","max-snippet":"max-snippet:-1","max-image-preview":"max-image-preview:large","max-video-preview":"max-video-preview:-1"},"canonical":"https:\/\/bayrising.org\/es\/guia-del-votante-del-bay-rising-del-2024\/","og_locale":"es_ES","og_type":"article","og_title":"Gu\u00eda del votante del de Bay Rising del 2024 - Bay Rising","og_description":"Haga clic aqu\u00ed para encontrar su distrito: condado de Alameda, condado de Contra Costa, San Francisco, condado de Mar\u00edn CALIFORNIA Distrito Medida Descripci\u00f3n Posici\u00f3n California Prop 2 Financiar nuestras escuelas y colegios comunitarios S\u00cd California Prop 3 Consagrar el derecho a casarse en la constituci\u00f3n de CA S\u00cd California Prop 4 Financiar la justicia ambiental [&hellip;]","og_url":"https:\/\/bayrising.org\/es\/guia-del-votante-del-bay-rising-del-2024\/","og_site_name":"Bay Rising","article_modified_time":"2024-10-21T17:22:13+00:00","og_image":[{"width":2560,"height":1708,"url":"https:\/\/bayrising.org\/wp-content\/uploads\/2021\/10\/iStock-1299469669-scaled.jpg","type":"image\/jpeg"}],"twitter_card":"summary_large_image","twitter_misc":{"Est. reading time":"3 minutes"},"schema":{"@context":"https:\/\/schema.org","@graph":[{"@type":"WebPage","@id":"https:\/\/bayrising.org\/es\/guia-del-votante-del-bay-rising-del-2024\/","url":"https:\/\/bayrising.org\/es\/guia-del-votante-del-bay-rising-del-2024\/","name":"Gu\u00eda del votante del de Bay Rising del 2024 - Bay Rising","isPartOf":{"@id":"https:\/\/bayrising.org\/#website"},"datePublished":"2024-10-03T22:01:01+00:00","dateModified":"2024-10-21T17:22:13+00:00","breadcrumb":{"@id":"https:\/\/bayrising.org\/es\/guia-del-votante-del-bay-rising-del-2024\/#breadcrumb"},"inLanguage":"es-ES","potentialAction":[{"@type":"ReadAction","target":["https:\/\/bayrising.org\/es\/guia-del-votante-del-bay-rising-del-2024\/"]}]},{"@type":"BreadcrumbList","@id":"https:\/\/bayrising.org\/es\/guia-del-votante-del-bay-rising-del-2024\/#breadcrumb","itemListElement":[{"@type":"ListItem","position":1,"name":"Home","item":"https:\/\/bayrising.org\/"},{"@type":"ListItem","position":2,"name":"Gu\u00eda del votante del de Bay Rising del 2024"}]},{"@type":"WebSite","@id":"https:\/\/bayrising.org\/#website","url":"https:\/\/bayrising.org\/","name":"Bay Rising","description":"","potentialAction":[{"@type":"SearchAction","target":{"@type":"EntryPoint","urlTemplate":"https:\/\/bayrising.org\/?s={search_term_string}"},"query-input":"required name=search_term_string"}],"inLanguage":"es-ES"}]}},"_links":{"self":[{"href":"https:\/\/bayrising.org\/es\/wp-json\/wp\/v2\/pages\/12463"}],"collection":[{"href":"https:\/\/bayrising.org\/es\/wp-json\/wp\/v2\/pages"}],"about":[{"href":"https:\/\/bayrising.org\/es\/wp-json\/wp\/v2\/types\/page"}],"author":[{"embeddable":true,"href":"https:\/\/bayrising.org\/es\/wp-json\/wp\/v2\/users\/15"}],"replies":[{"embeddable":true,"href":"https:\/\/bayrising.org\/es\/wp-json\/wp\/v2\/comments?post=12463"}],"version-history":[{"count":15,"href":"https:\/\/bayrising.org\/es\/wp-json\/wp\/v2\/pages\/12463\/revisions"}],"predecessor-version":[{"id":12517,"href":"https:\/\/bayrising.org\/es\/wp-json\/wp\/v2\/pages\/12463\/revisions\/12517"}],"wp:attachment":[{"href":"https:\/\/bayrising.org\/es\/wp-json\/wp\/v2\/media?parent=12463"}],"curies":[{"name":"wp","href":"https:\/\/api.w.org\/{rel}","templated":true}]}}